{"id":5707,"date":"2015-02-19T09:48:19","date_gmt":"2015-02-19T09:48:19","guid":{"rendered":"http:\/\/demo2.wpresidence.net\/?page_id=5707"},"modified":"2025-02-12T08:18:41","modified_gmt":"2025-02-12T08:18:41","slug":"contact-us","status":"publish","type":"page","link":"https:\/\/21centuryinvestment.me\/me\/contact-us\/","title":{"rendered":"Kontaktirajte nas"},"content":{"rendered":"<div class=\"wpb-content-wrapper\"><div class=\"vc_row wpb_row vc_row-fluid vc_row\"><div class=\"wpb_column vc_column_container vc_col-sm-12 vc_column\"><div class=\"vc_column-inner\"><div class=\"wpb_wrapper\">\n\t<div class=\"wpb_text_column wpb_content_element vc_column_text\" >\n\t\t<div class=\"wpb_wrapper\">\n\t\t\t<p>\u017delite li da kupite, prodate ili investirate u nekretnine? <strong data-start=\"48\" data-end=\"73\">21 Century Investment<\/strong> je va\u0161 pouzdan partner za sve \u0161to se ti\u010de nekretnina! Bez obzira da li tra\u017eite dom iz snova, tra\u017eite profitabilne investicione mogu\u0107nosti ili vam je potrebna stru\u010dna pomo\u0107 pri prodaji, na\u0161 tim posve\u0107enih profesionalaca je tu da vam pomogne. Sa tr\u017ei\u0161nim znanjem, personalizovanom uslugom i posve\u0107eno\u0161\u0107u izvrsnosti, mi \u010dinimo transakcije nekretnina glatkim i uspje\u0161nim. <strong data-start=\"440\" data-end=\"460\">Kontaktirajte nas danas<\/strong> i pomo\u0107i \u0107emo vam da ostvarite svoje ciljeve u vezi s nekretninama!<\/p>\n\n\t\t<\/div>\n\t<\/div>\n<\/div><\/div><\/div><\/div>\n<\/div>","protected":false},"excerpt":{"rendered":"Looking to buy, sell, or invest in real estate? 21 Century Investment is your trusted partner for all things property! Whether you're searching for your dream home, looking for profitable investment opportunities, or need expert guidance on selling, our team of dedicated professionals is here to help. With market expertise, personalized service, and a commitment to excellence, we make real estate transactions smooth and ...","protected":false},"author":1,"featured_media":0,"parent":0,"menu_order":0,"comment_status":"open","ping_status":"open","template":"page-templates\/contact_page.php","meta":{"inline_featured_image":false,"_monsterinsights_skip_tracking":false,"_monsterinsights_sitenote_active":false,"_monsterinsights_sitenote_note":"","_monsterinsights_sitenote_category":0,"footnotes":""},"class_list":["post-5707","page","type-page","status-publish","hentry"],"aioseo_notices":[],"_links":{"self":[{"href":"https:\/\/21centuryinvestment.me\/me\/wp-json\/wp\/v2\/pages\/5707","targetHints":{"allow":["GET"]}}],"collection":[{"href":"https:\/\/21centuryinvestment.me\/me\/wp-json\/wp\/v2\/pages"}],"about":[{"href":"https:\/\/21centuryinvestment.me\/me\/wp-json\/wp\/v2\/types\/page"}],"author":[{"embeddable":true,"href":"https:\/\/21centuryinvestment.me\/me\/wp-json\/wp\/v2\/users\/1"}],"replies":[{"embeddable":true,"href":"https:\/\/21centuryinvestment.me\/me\/wp-json\/wp\/v2\/comments?post=5707"}],"version-history":[{"count":1,"href":"https:\/\/21centuryinvestment.me\/me\/wp-json\/wp\/v2\/pages\/5707\/revisions"}],"predecessor-version":[{"id":23070,"href":"https:\/\/21centuryinvestment.me\/me\/wp-json\/wp\/v2\/pages\/5707\/revisions\/23070"}],"wp:attachment":[{"href":"https:\/\/21centuryinvestment.me\/me\/wp-json\/wp\/v2\/media?parent=5707"}],"curies":[{"name":"wp","href":"https:\/\/api.w.org\/{rel}","templated":true}]}}